{"id":4079,"date":"2022-08-17T06:15:37","date_gmt":"2022-08-17T06:15:37","guid":{"rendered":"https:\/\/fki.dk\/become-an-fki-distributor\/"},"modified":"2023-05-31T06:37:44","modified_gmt":"2023-05-31T06:37:44","slug":"become-an-fki-distributor","status":"publish","type":"page","link":"https:\/\/fki.dk\/en\/become-an-fki-distributor\/","title":{"rendered":"Become an FKI Distributor"},"content":{"rendered":"<p>[et_pb_section fb_built=&#8221;1&#8243; admin_label=&#8221;Section&#8221; module_id=&#8221;Distributor&#8221; _builder_version=&#8221;4.18.1&#8243; _module_preset=&#8221;default&#8221; background_color=&#8221;#ffffff&#8221; width_tablet=&#8221;100%&#8221; width_phone=&#8221;100%&#8221; width_last_edited=&#8221;off|desktop&#8221; da_popup_slug=&#8221;forhandler&#8221; da_is_singular=&#8221;on&#8221; da_alt_close=&#8221;on&#8221; da_disable_devices=&#8221;off|off|off&#8221; global_module=&#8221;2091&#8243; saved_tabs=&#8221;all&#8221; global_colors_info=&#8221;{}&#8221; da_is_popup=&#8221;off&#8221; da_exit_intent=&#8221;off&#8221; da_has_close=&#8221;on&#8221; da_dark_close=&#8221;off&#8221; da_not_modal=&#8221;on&#8221; da_with_loader=&#8221;off&#8221; da_has_shadow=&#8221;on&#8221;][et_pb_row _builder_version=&#8221;4.18.1&#8243; _module_preset=&#8221;default&#8221; width_tablet=&#8221;80%&#8221; width_phone=&#8221;80%&#8221; width_last_edited=&#8221;off|desktop&#8221; global_colors_info=&#8221;{}&#8221;][et_pb_column type=&#8221;4_4&#8243; _builder_version=&#8221;4.18.1&#8243; _module_preset=&#8221;default&#8221; global_colors_info=&#8221;{}&#8221;][et_pb_contact_form captcha=&#8221;off&#8221; email=&#8221;mfk@fki.dk&#8221; title=&#8221;Please fill in the form and we will contact you&#8221; custom_message=&#8221;**Formular udfyldt p\u00e5 hjemmesiden**||et_pb_line_break_holder||||et_pb_line_break_holder||Firmanavn: %%firmanavn%%||et_pb_line_break_holder||||et_pb_line_break_holder||Faktureringsadresse: %%faktureringsadresse%%||et_pb_line_break_holder||||et_pb_line_break_holder||Postnummer: %%postnummer%%||et_pb_line_break_holder||||et_pb_line_break_holder||By: %%by%%||et_pb_line_break_holder||||et_pb_line_break_holder||Evt. Leveringsadresse: %%leveringsadresse%%||et_pb_line_break_holder||||et_pb_line_break_holder||Kontaktperson: %%kontaktperson%%||et_pb_line_break_holder||||et_pb_line_break_holder||Kontaktperson telefon: %%telefonnummer%%||et_pb_line_break_holder||||et_pb_line_break_holder||Kontaktperson e-mail: %%email%%||et_pb_line_break_holder||||et_pb_line_break_holder||Firma telefon: %%firmatelefonnummer%%||et_pb_line_break_holder||||et_pb_line_break_holder||Faktureringsmail: %%faktureringsemail%%||et_pb_line_break_holder||||et_pb_line_break_holder||Hjemmeside: %%hjemmeside%%||et_pb_line_break_holder||||et_pb_line_break_holder||CVR Nummer: %%cvrnummer%%||et_pb_line_break_holder||||et_pb_line_break_holder||Hvilke lande skal FKIs produkter s\u00e6lges i? :||et_pb_line_break_holder||%%salgsland%%||et_pb_line_break_holder||||et_pb_line_break_holder||Hvilke segmenter \u00f8nsker I at s\u00e6lge produkterne i?||et_pb_line_break_holder||%%segmenter%%||et_pb_line_break_holder||||et_pb_line_break_holder||Hvilket FKI udstyr\/produkter \u00f8nsker I at s\u00e6lge?||et_pb_line_break_holder||%%salgsudstyr%%||et_pb_line_break_holder||&#8221; use_redirect=&#8221;on&#8221; redirect_url=&#8221;https:\/\/fki.dk\/en\/thank-you-page\/&#8221; submit_button_text=&#8221;Send message&#8221; _builder_version=&#8221;4.20.1&#8243; _module_preset=&#8221;default&#8221; _unique_id=&#8221;ce2483ef-3f77-42a5-bf2e-71d4923ee8db&#8221; title_text_align=&#8221;center&#8221; title_font_size=&#8221;36px&#8221; title_line_height=&#8221;1.4em&#8221; form_field_font=&#8221;|300|||||||&#8221; form_field_font_size=&#8221;14px&#8221; custom_button=&#8221;on&#8221; button_text_size=&#8221;14px&#8221; button_text_color=&#8221;#FFFFFF&#8221; button_bg_color=&#8221;#0091D0&#8243; button_border_width=&#8221;6px&#8221; button_border_color=&#8221;#0091D0&#8243; button_border_radius=&#8221;0px&#8221; button_letter_spacing=&#8221;0px&#8221; button_font=&#8221;|||on|||||&#8221; button_use_icon=&#8221;off&#8221; title_font_size_tablet=&#8221;&#8221; title_font_size_phone=&#8221;30px&#8221; title_font_size_last_edited=&#8221;on|phone&#8221; title_line_height_tablet=&#8221;&#8221; title_line_height_phone=&#8221;1.1em&#8221; title_line_height_last_edited=&#8221;on|phone&#8221; global_colors_info=&#8221;{}&#8221;][et_pb_contact_field field_id=&#8221;firmanavn&#8221; field_title=&#8221;Company name*&#8221; fullwidth_field=&#8221;on&#8221; _builder_version=&#8221;4.18.1&#8243; _module_preset=&#8221;default&#8221; global_colors_info=&#8221;{}&#8221;][\/et_pb_contact_field][et_pb_contact_field field_id=&#8221;faktureringsadresse&#8221; field_title=&#8221;Invoice address*&#8221; _builder_version=&#8221;4.18.1&#8243; _module_preset=&#8221;default&#8221; global_colors_info=&#8221;{}&#8221;][\/et_pb_contact_field][et_pb_contact_field field_id=&#8221;postnummer&#8221; field_title=&#8221;Zip code*&#8221; allowed_symbols=&#8221;alphanumeric&#8221; _builder_version=&#8221;4.18.1&#8243; _module_preset=&#8221;default&#8221; global_colors_info=&#8221;{}&#8221;][\/et_pb_contact_field][et_pb_contact_field field_id=&#8221;by&#8221; field_title=&#8221;Town*&#8221; _builder_version=&#8221;4.18.1&#8243; _module_preset=&#8221;default&#8221; global_colors_info=&#8221;{}&#8221;][\/et_pb_contact_field][et_pb_contact_field field_id=&#8221;leveringsadresse&#8221; field_title=&#8221;Delivery address if other than invoice address&#8221; required_mark=&#8221;off&#8221; _builder_version=&#8221;4.18.1&#8243; _module_preset=&#8221;default&#8221; global_colors_info=&#8221;{}&#8221;][\/et_pb_contact_field][et_pb_contact_field field_id=&#8221;kontaktperson&#8221; field_title=&#8221;Contact-person*&#8221; fullwidth_field=&#8221;on&#8221; _builder_version=&#8221;4.18.1&#8243; _module_preset=&#8221;default&#8221; global_colors_info=&#8221;{}&#8221;][\/et_pb_contact_field][et_pb_contact_field field_id=&#8221;telefonnummer&#8221; field_title=&#8221;Phone number*&#8221; _builder_version=&#8221;4.18.1&#8243; _module_preset=&#8221;default&#8221; global_colors_info=&#8221;{}&#8221;][\/et_pb_contact_field][et_pb_contact_field field_id=&#8221;email&#8221; field_title=&#8221;E-mail*&#8221; field_type=&#8221;email&#8221; _builder_version=&#8221;4.18.1&#8243; global_colors_info=&#8221;{}&#8221; button_text_size__hover_enabled=&#8221;off&#8221; button_one_text_size__hover_enabled=&#8221;off&#8221; button_two_text_size__hover_enabled=&#8221;off&#8221; button_text_color__hover_enabled=&#8221;off&#8221; button_one_text_color__hover_enabled=&#8221;off&#8221; button_two_text_color__hover_enabled=&#8221;off&#8221; button_border_width__hover_enabled=&#8221;off&#8221; button_one_border_width__hover_enabled=&#8221;off&#8221; button_two_border_width__hover_enabled=&#8221;off&#8221; button_border_color__hover_enabled=&#8221;off&#8221; button_one_border_color__hover_enabled=&#8221;off&#8221; button_two_border_color__hover_enabled=&#8221;off&#8221; button_border_radius__hover_enabled=&#8221;off&#8221; button_one_border_radius__hover_enabled=&#8221;off&#8221; button_two_border_radius__hover_enabled=&#8221;off&#8221; button_letter_spacing__hover_enabled=&#8221;off&#8221; button_one_letter_spacing__hover_enabled=&#8221;off&#8221; button_two_letter_spacing__hover_enabled=&#8221;off&#8221; button_bg_color__hover_enabled=&#8221;off&#8221; button_one_bg_color__hover_enabled=&#8221;off&#8221; button_two_bg_color__hover_enabled=&#8221;off&#8221;][\/et_pb_contact_field][et_pb_contact_field field_id=&#8221;firmatelefonnummer&#8221; field_title=&#8221;Company phone number* &#8221; fullwidth_field=&#8221;on&#8221; _builder_version=&#8221;4.18.1&#8243; _module_preset=&#8221;default&#8221; global_colors_info=&#8221;{}&#8221;][\/et_pb_contact_field][et_pb_contact_field field_id=&#8221;faktureringsemail&#8221; field_title=&#8221;Invoice e-mail* &#8221; fullwidth_field=&#8221;on&#8221; _builder_version=&#8221;4.18.1&#8243; _module_preset=&#8221;default&#8221; global_colors_info=&#8221;{}&#8221;][\/et_pb_contact_field][et_pb_contact_field field_id=&#8221;hjemmeside&#8221; field_title=&#8221;Homepage&#8221; required_mark=&#8221;off&#8221; fullwidth_field=&#8221;on&#8221; _builder_version=&#8221;4.18.1&#8243; _module_preset=&#8221;default&#8221; global_colors_info=&#8221;{}&#8221;][\/et_pb_contact_field][et_pb_contact_field field_id=&#8221;cvrnummer&#8221; field_title=&#8221;Vat number* &#8221; allowed_symbols=&#8221;numbers&#8221; fullwidth_field=&#8221;on&#8221; _builder_version=&#8221;4.18.1&#8243; _module_preset=&#8221;default&#8221; global_colors_info=&#8221;{}&#8221;][\/et_pb_contact_field][et_pb_contact_field field_id=&#8221;salgsland&#8221; field_title=&#8221;In which countries do you wist to distribute FKI products?* &#8221; field_type=&#8221;text&#8221; fullwidth_field=&#8221;on&#8221; _builder_version=&#8221;4.18.1&#8243; _module_preset=&#8221;default&#8221; global_colors_info=&#8221;{}&#8221;][\/et_pb_contact_field][et_pb_contact_field field_id=&#8221;segmenter&#8221; field_title=&#8221;In which segments do you wish to distribute FKI products?*&#8221; field_type=&#8221;checkbox&#8221; checkbox_options=&#8221;%91{%22value%22:%22Gas-stations%22,%22checked%22:0,%22dragID%22:-1},{%22value%22:%22Convenience%22,%22checked%22:0,%22dragID%22:0},{%22value%22:%22Fast-food chains%22,%22checked%22:0,%22dragID%22:1},{%22value%22:%22Food manufacturers%22,%22checked%22:0,%22dragID%22:2},{%22value%22:%22Kitchen-equipment wholesalers%22,%22checked%22:0,%22dragID%22:3},{%22value%22:%22Public Institutions\\\/Kitchens%22,%22checked%22:0,%22dragID%22:4},{%22value%22:%22Restaurants\\\/HORECA%22,%22checked%22:0,%22dragID%22:5},{%22value%22:%22Other %22,%22checked%22:0,%22dragID%22:6}%93&#8243; required_mark=&#8221;off&#8221; fullwidth_field=&#8221;on&#8221; _builder_version=&#8221;4.18.1&#8243; _module_preset=&#8221;default&#8221; global_colors_info=&#8221;{}&#8221;][\/et_pb_contact_field][et_pb_contact_field field_id=&#8221;salgsudstyr&#8221; field_title=&#8221;Which type of FKI equipment do you wish to distribute?&#8221; field_type=&#8221;text&#8221; required_mark=&#8221;off&#8221; fullwidth_field=&#8221;on&#8221; _builder_version=&#8221;4.18.1&#8243; _module_preset=&#8221;default&#8221; global_colors_info=&#8221;{}&#8221;][\/et_pb_contact_field][\/et_pb_contact_form][\/et_pb_column][\/et_pb_row][\/et_pb_section]<\/p>\n","protected":false},"excerpt":{"rendered":"","protected":false},"author":10,"featured_media":0,"parent":0,"menu_order":0,"comment_status":"closed","ping_status":"closed","template":"","meta":{"_acf_changed":false,"_et_pb_use_builder":"on","_et_pb_old_content":"","_et_gb_content_width":"","footnotes":""},"class_list":["post-4079","page","type-page","status-publish","hentry"],"acf":[],"yoast_head":"<!-- This site is optimized with the Yoast SEO plugin v27.4 - https:\/\/yoast.com\/product\/yoast-seo-wordpress\/ -->\n<title>Become an FKI Distributor | FKI Fast Food Teknik<\/title>\n<meta name=\"description\" content=\"Become part of a dedicated network of FKI distributors, supplying the bes fast food equipment on the market.\" \/>\n<meta name=\"robots\" content=\"index, follow, max-snippet:-1, max-image-preview:large, max-video-preview:-1\" \/>\n<link rel=\"canonical\" href=\"https:\/\/fki.dk\/en\/become-an-fki-distributor\/\" \/>\n<meta property=\"og:locale\" content=\"en_US\" \/>\n<meta property=\"og:type\" content=\"article\" \/>\n<meta property=\"og:title\" content=\"Become an FKI Distributor | FKI Fast Food Teknik\" \/>\n<meta property=\"og:description\" content=\"Become part of a dedicated network of FKI distributors, supplying the bes fast food equipment on the market.\" \/>\n<meta property=\"og:url\" content=\"https:\/\/fki.dk\/en\/become-an-fki-distributor\/\" \/>\n<meta property=\"og:site_name\" content=\"FKI Fast Food Teknik\" \/>\n<meta property=\"article:modified_time\" content=\"2023-05-31T06:37:44+00:00\" \/>\n<meta property=\"og:image\" content=\"https:\/\/fki.dk\/wp-content\/uploads\/2022\/08\/FKI-logo.png\" \/>\n\t<meta property=\"og:image:width\" content=\"191\" \/>\n\t<meta property=\"og:image:height\" content=\"88\" \/>\n\t<meta property=\"og:image:type\" content=\"image\/png\" \/>\n<meta name=\"twitter:card\" content=\"summary_large_image\" \/>\n<meta name=\"twitter:label1\" content=\"Est. reading time\" \/>\n\t<meta name=\"twitter:data1\" content=\"6 minutes\" \/>\n<script type=\"application\/ld+json\" class=\"yoast-schema-graph\">{\"@context\":\"https:\\\/\\\/schema.org\",\"@graph\":[{\"@type\":\"WebPage\",\"@id\":\"https:\\\/\\\/fki.dk\\\/en\\\/become-an-fki-distributor\\\/\",\"url\":\"https:\\\/\\\/fki.dk\\\/en\\\/become-an-fki-distributor\\\/\",\"name\":\"Become an FKI Distributor | FKI Fast Food Teknik\",\"isPartOf\":{\"@id\":\"https:\\\/\\\/fki.dk\\\/en\\\/#website\"},\"datePublished\":\"2022-08-17T06:15:37+00:00\",\"dateModified\":\"2023-05-31T06:37:44+00:00\",\"description\":\"Become part of a dedicated network of FKI distributors, supplying the bes fast food equipment on the market.\",\"breadcrumb\":{\"@id\":\"https:\\\/\\\/fki.dk\\\/en\\\/become-an-fki-distributor\\\/#breadcrumb\"},\"inLanguage\":\"en-US\",\"potentialAction\":[{\"@type\":\"ReadAction\",\"target\":[\"https:\\\/\\\/fki.dk\\\/en\\\/become-an-fki-distributor\\\/\"]}]},{\"@type\":\"BreadcrumbList\",\"@id\":\"https:\\\/\\\/fki.dk\\\/en\\\/become-an-fki-distributor\\\/#breadcrumb\",\"itemListElement\":[{\"@type\":\"ListItem\",\"position\":1,\"name\":\"Hjem\",\"item\":\"https:\\\/\\\/fki.dk\\\/en\\\/\"},{\"@type\":\"ListItem\",\"position\":2,\"name\":\"Become an FKI Distributor\"}]},{\"@type\":\"WebSite\",\"@id\":\"https:\\\/\\\/fki.dk\\\/en\\\/#website\",\"url\":\"https:\\\/\\\/fki.dk\\\/en\\\/\",\"name\":\"FKI Fast Food Teknik\",\"description\":\"Din leverand\u00f8r i fastfood-industrien\",\"publisher\":{\"@id\":\"https:\\\/\\\/fki.dk\\\/en\\\/#organization\"},\"potentialAction\":[{\"@type\":\"SearchAction\",\"target\":{\"@type\":\"EntryPoint\",\"urlTemplate\":\"https:\\\/\\\/fki.dk\\\/en\\\/?s={search_term_string}\"},\"query-input\":{\"@type\":\"PropertyValueSpecification\",\"valueRequired\":true,\"valueName\":\"search_term_string\"}}],\"inLanguage\":\"en-US\"},{\"@type\":\"Organization\",\"@id\":\"https:\\\/\\\/fki.dk\\\/en\\\/#organization\",\"name\":\"FKI Fast Food Teknik\",\"url\":\"https:\\\/\\\/fki.dk\\\/en\\\/\",\"logo\":{\"@type\":\"ImageObject\",\"inLanguage\":\"en-US\",\"@id\":\"https:\\\/\\\/fki.dk\\\/en\\\/#\\\/schema\\\/logo\\\/image\\\/\",\"url\":\"https:\\\/\\\/fki.dk\\\/wp-content\\\/uploads\\\/2022\\\/08\\\/FKI-logo.png\",\"contentUrl\":\"https:\\\/\\\/fki.dk\\\/wp-content\\\/uploads\\\/2022\\\/08\\\/FKI-logo.png\",\"width\":191,\"height\":88,\"caption\":\"FKI Fast Food Teknik\"},\"image\":{\"@id\":\"https:\\\/\\\/fki.dk\\\/en\\\/#\\\/schema\\\/logo\\\/image\\\/\"}}]}<\/script>\n<!-- \/ Yoast SEO plugin. -->","yoast_head_json":{"title":"Become an FKI Distributor | FKI Fast Food Teknik","description":"Become part of a dedicated network of FKI distributors, supplying the bes fast food equipment on the market.","robots":{"index":"index","follow":"follow","max-snippet":"max-snippet:-1","max-image-preview":"max-image-preview:large","max-video-preview":"max-video-preview:-1"},"canonical":"https:\/\/fki.dk\/en\/become-an-fki-distributor\/","og_locale":"en_US","og_type":"article","og_title":"Become an FKI Distributor | FKI Fast Food Teknik","og_description":"Become part of a dedicated network of FKI distributors, supplying the bes fast food equipment on the market.","og_url":"https:\/\/fki.dk\/en\/become-an-fki-distributor\/","og_site_name":"FKI Fast Food Teknik","article_modified_time":"2023-05-31T06:37:44+00:00","og_image":[{"width":191,"height":88,"url":"https:\/\/fki.dk\/wp-content\/uploads\/2022\/08\/FKI-logo.png","type":"image\/png"}],"twitter_card":"summary_large_image","twitter_misc":{"Est. reading time":"6 minutes"},"schema":{"@context":"https:\/\/schema.org","@graph":[{"@type":"WebPage","@id":"https:\/\/fki.dk\/en\/become-an-fki-distributor\/","url":"https:\/\/fki.dk\/en\/become-an-fki-distributor\/","name":"Become an FKI Distributor | FKI Fast Food Teknik","isPartOf":{"@id":"https:\/\/fki.dk\/en\/#website"},"datePublished":"2022-08-17T06:15:37+00:00","dateModified":"2023-05-31T06:37:44+00:00","description":"Become part of a dedicated network of FKI distributors, supplying the bes fast food equipment on the market.","breadcrumb":{"@id":"https:\/\/fki.dk\/en\/become-an-fki-distributor\/#breadcrumb"},"inLanguage":"en-US","potentialAction":[{"@type":"ReadAction","target":["https:\/\/fki.dk\/en\/become-an-fki-distributor\/"]}]},{"@type":"BreadcrumbList","@id":"https:\/\/fki.dk\/en\/become-an-fki-distributor\/#breadcrumb","itemListElement":[{"@type":"ListItem","position":1,"name":"Hjem","item":"https:\/\/fki.dk\/en\/"},{"@type":"ListItem","position":2,"name":"Become an FKI Distributor"}]},{"@type":"WebSite","@id":"https:\/\/fki.dk\/en\/#website","url":"https:\/\/fki.dk\/en\/","name":"FKI Fast Food Teknik","description":"Din leverand\u00f8r i fastfood-industrien","publisher":{"@id":"https:\/\/fki.dk\/en\/#organization"},"potentialAction":[{"@type":"SearchAction","target":{"@type":"EntryPoint","urlTemplate":"https:\/\/fki.dk\/en\/?s={search_term_string}"},"query-input":{"@type":"PropertyValueSpecification","valueRequired":true,"valueName":"search_term_string"}}],"inLanguage":"en-US"},{"@type":"Organization","@id":"https:\/\/fki.dk\/en\/#organization","name":"FKI Fast Food Teknik","url":"https:\/\/fki.dk\/en\/","logo":{"@type":"ImageObject","inLanguage":"en-US","@id":"https:\/\/fki.dk\/en\/#\/schema\/logo\/image\/","url":"https:\/\/fki.dk\/wp-content\/uploads\/2022\/08\/FKI-logo.png","contentUrl":"https:\/\/fki.dk\/wp-content\/uploads\/2022\/08\/FKI-logo.png","width":191,"height":88,"caption":"FKI Fast Food Teknik"},"image":{"@id":"https:\/\/fki.dk\/en\/#\/schema\/logo\/image\/"}}]}},"_links":{"self":[{"href":"https:\/\/fki.dk\/en\/wp-json\/wp\/v2\/pages\/4079","targetHints":{"allow":["GET"]}}],"collection":[{"href":"https:\/\/fki.dk\/en\/wp-json\/wp\/v2\/pages"}],"about":[{"href":"https:\/\/fki.dk\/en\/wp-json\/wp\/v2\/types\/page"}],"author":[{"embeddable":true,"href":"https:\/\/fki.dk\/en\/wp-json\/wp\/v2\/users\/10"}],"replies":[{"embeddable":true,"href":"https:\/\/fki.dk\/en\/wp-json\/wp\/v2\/comments?post=4079"}],"version-history":[{"count":5,"href":"https:\/\/fki.dk\/en\/wp-json\/wp\/v2\/pages\/4079\/revisions"}],"predecessor-version":[{"id":4978,"href":"https:\/\/fki.dk\/en\/wp-json\/wp\/v2\/pages\/4079\/revisions\/4978"}],"wp:attachment":[{"href":"https:\/\/fki.dk\/en\/wp-json\/wp\/v2\/media?parent=4079"}],"curies":[{"name":"wp","href":"https:\/\/api.w.org\/{rel}","templated":true}]}}